{"id":9,"date":"2021-03-09T09:28:40","date_gmt":"2021-03-09T08:28:40","guid":{"rendered":"http:\/\/new.vinel.lu\/?page_id=9"},"modified":"2021-06-06T15:55:49","modified_gmt":"2021-06-06T13:55:49","slug":"a-propos-de","status":"publish","type":"page","link":"https:\/\/www.vinel.lu\/?page_id=9","title":{"rendered":"Le Bloc Cellier \u00ae"},"content":{"rendered":"\n<p class=\"has-text-align-left\" style=\"line-height:2\"><span style=\"text-decoration: underline;\"><span class=\"has-inline-color has-vivid-red-color\"><em><strong>Bloc Cellier &#8211; les rangements bouteilles pour votre cave<\/strong><\/em><\/span><\/span><\/p>\n\n\n\n<p><strong>FABRICATION FRAN\u00c7AISE EN MAT\u00c9RIAUX NOBLES<\/strong><\/p>\n\n\n\n<p>La gamme de casiers \u00e0 bouteilles &lt; Bloc Cellier > est con\u00e7ue pour l\u2019am\u00e9nagement de votre cave.<br>Nos casiers \u00e0 bouteilles en pierre reconstitu\u00e9e sont disponibles en quatre mod\u00e8les de diff\u00e9rentes hauteurs pour faciliter le rangement de vos vins, pour s\u2019adapter \u00e0 votre environnement (voutes, escaliers etc\u2026) et deux textures : \u00ab Terre Rouge \u00bb et  \u00ab Pierre Blanche \u00bb pour personnaliser l\u2019agencement de votre cave. Bloc Cellier Les rangements bouteilles pour votre cave<\/p>\n\n\n\n<p>Veuillez consulter notre site internet : <a href=\"http:\/\/www.bloc-cellier.lu\" data-type=\"URL\" data-id=\"www.bloc-cellier.lu\" target=\"_blank\" rel=\"noreferrer noopener\">www.bloc-cellier.lu<\/a><\/p>\n","protected":false},"excerpt":{"rendered":"<p>Bloc Cellier &#8211; les rangements bouteilles pour votre cave FABRICATION FRAN\u00c7AISE EN MAT\u00c9RIAUX NOBLES La gamme de casiers \u00e0 bouteilles &lt; Bloc Cellier > est con\u00e7ue pour l\u2019am\u00e9nagement de votre cave.Nos casiers \u00e0 bouteilles en pierre reconstitu\u00e9e sont disponibles en quatre mod\u00e8les de diff\u00e9rentes hauteurs pour faciliter le rangement de vos vins, pour s\u2019adapter \u00e0 &hellip; <\/p>\n<p class=\"link-more\"><a href=\"https:\/\/www.vinel.lu\/?page_id=9\" class=\"more-link\">Continuer la lecture<span class=\"screen-reader-text\"> de &laquo;&nbsp;Le Bloc Cellier \u00ae&nbsp;&raquo;<\/span><\/a><\/p>\n","protected":false},"author":1,"featured_media":28,"parent":0,"menu_order":0,"comment_status":"closed","ping_status":"closed","template":"","meta":{"footnotes":""},"class_list":["post-9","page","type-page","status-publish","has-post-thumbnail","hentry"],"_links":{"self":[{"href":"https:\/\/www.vinel.lu\/index.php?rest_route=\/wp\/v2\/pages\/9","targetHints":{"allow":["GET"]}}],"collection":[{"href":"https:\/\/www.vinel.lu\/index.php?rest_route=\/wp\/v2\/pages"}],"about":[{"href":"https:\/\/www.vinel.lu\/index.php?rest_route=\/wp\/v2\/types\/page"}],"author":[{"embeddable":true,"href":"https:\/\/www.vinel.lu\/index.php?rest_route=\/wp\/v2\/users\/1"}],"replies":[{"embeddable":true,"href":"https:\/\/www.vinel.lu\/index.php?rest_route=%2Fwp%2Fv2%2Fcomments&post=9"}],"version-history":[{"count":11,"href":"https:\/\/www.vinel.lu\/index.php?rest_route=\/wp\/v2\/pages\/9\/revisions"}],"predecessor-version":[{"id":356,"href":"https:\/\/www.vinel.lu\/index.php?rest_route=\/wp\/v2\/pages\/9\/revisions\/356"}],"wp:featuredmedia":[{"embeddable":true,"href":"https:\/\/www.vinel.lu\/index.php?rest_route=\/wp\/v2\/media\/28"}],"wp:attachment":[{"href":"https:\/\/www.vinel.lu\/index.php?rest_route=%2Fwp%2Fv2%2Fmedia&parent=9"}],"curies":[{"name":"wp","href":"https:\/\/api.w.org\/{rel}","templated":true}]}}