{"id":8,"date":"2021-03-09T09:28:40","date_gmt":"2021-03-09T08:28:40","guid":{"rendered":"http:\/\/new.vinel.lu\/?page_id=8"},"modified":"2023-01-31T17:29:50","modified_gmt":"2023-01-31T16:29:50","slug":"accueil","status":"publish","type":"page","link":"https:\/\/www.vinel.lu\/","title":{"rendered":"Accueil"},"content":{"rendered":"\n<p>Chez nous, vous \u00eates encore conseill\u00e9s par le patron !<\/p>\n\n\n\n<p>Ce sont nos premiers pas vers un site plus dynamique et informatif. Nous envisageons d&rsquo;actualiser r\u00e9guli\u00e8rement les informations \u0153nophiles et les blogs sur des vins et nos partenaires.<br><br><\/p>\n\n\n\n<p>R\u00e8glements internes :<\/p>\n\n\n\n<div class=\"wp-block-group\"><div class=\"wp-block-group__inner-container is-layout-flow wp-block-group-is-layout-flow\">\n<p><\/p>\n\n\n\n<p>Les horaires de d\u00e9gustation sont de 15h00 \u00e0 20h00, de pr\u00e9f\u00e9rence sur rendez-vous, soit par t\u00e9l\u00e9phone +352 23640663, soit par e-mail: <a rel=\"noreferrer noopener\" href=\"mailto:vinel@pt.lu\" target=\"_blank\">vinel@pt.lu<\/a><\/p>\n\n\n\n<p><\/p>\n\n\n\n<ul class=\"wp-block-list\">\n<li>Nous nous r\u00e9servons le droit \u00e0 refuser l\u2019acc\u00e8s \u00e0 la d\u00e9gustation, si le nombre de clients d\u00e9passe nos capacit\u00e9s<\/li>\n<\/ul>\n\n\n\n<p><\/p>\n<\/div><\/div>\n","protected":false},"excerpt":{"rendered":"<p>Chez nous, vous \u00eates encore conseill\u00e9s par le patron ! Ce sont nos premiers pas vers un site plus dynamique et informatif. Nous envisageons d&rsquo;actualiser r\u00e9guli\u00e8rement les informations \u0153nophiles et les blogs sur des vins et nos partenaires. R\u00e8glements internes : Les horaires de d\u00e9gustation sont de 15h00 \u00e0 20h00, de pr\u00e9f\u00e9rence sur rendez-vous, soit &hellip; <\/p>\n<p class=\"link-more\"><a href=\"https:\/\/www.vinel.lu\/\" class=\"more-link\">Continuer la lecture<span class=\"screen-reader-text\"> de &laquo;&nbsp;Accueil&nbsp;&raquo;<\/span><\/a><\/p>\n","protected":false},"author":1,"featured_media":106,"parent":0,"menu_order":0,"comment_status":"closed","ping_status":"closed","template":"","meta":{"footnotes":""},"class_list":["post-8","page","type-page","status-publish","has-post-thumbnail","hentry"],"_links":{"self":[{"href":"https:\/\/www.vinel.lu\/index.php?rest_route=\/wp\/v2\/pages\/8","targetHints":{"allow":["GET"]}}],"collection":[{"href":"https:\/\/www.vinel.lu\/index.php?rest_route=\/wp\/v2\/pages"}],"about":[{"href":"https:\/\/www.vinel.lu\/index.php?rest_route=\/wp\/v2\/types\/page"}],"author":[{"embeddable":true,"href":"https:\/\/www.vinel.lu\/index.php?rest_route=\/wp\/v2\/users\/1"}],"replies":[{"embeddable":true,"href":"https:\/\/www.vinel.lu\/index.php?rest_route=%2Fwp%2Fv2%2Fcomments&post=8"}],"version-history":[{"count":20,"href":"https:\/\/www.vinel.lu\/index.php?rest_route=\/wp\/v2\/pages\/8\/revisions"}],"predecessor-version":[{"id":575,"href":"https:\/\/www.vinel.lu\/index.php?rest_route=\/wp\/v2\/pages\/8\/revisions\/575"}],"wp:featuredmedia":[{"embeddable":true,"href":"https:\/\/www.vinel.lu\/index.php?rest_route=\/wp\/v2\/media\/106"}],"wp:attachment":[{"href":"https:\/\/www.vinel.lu\/index.php?rest_route=%2Fwp%2Fv2%2Fmedia&parent=8"}],"curies":[{"name":"wp","href":"https:\/\/api.w.org\/{rel}","templated":true}]}}