{"id":310,"date":"2021-05-17T17:21:21","date_gmt":"2021-05-17T15:21:21","guid":{"rendered":"http:\/\/new.vinel.lu\/?page_id=310"},"modified":"2021-06-07T17:17:52","modified_gmt":"2021-06-07T15:17:52","slug":"310-2","status":"publish","type":"page","link":"https:\/\/www.vinel.lu\/?page_id=310","title":{"rendered":"Online-Shopping"},"content":{"rendered":"\n<figure class=\"wp-block-image size-large\"><a href=\"https:\/\/letzshop.lu\/fr\/vendors\/caves-vinel\" target=\"_blank\" rel=\"noopener\"><img loading=\"lazy\" decoding=\"async\" width=\"1024\" height=\"576\" src=\"https:\/\/www.vinel.lu\/wp-content\/uploads\/2021\/06\/1920x1080_Basket_LU-1024x576.png\" alt=\"\" class=\"wp-image-339\" srcset=\"https:\/\/www.vinel.lu\/wp-content\/uploads\/2021\/06\/1920x1080_Basket_LU-1024x576.png 1024w, https:\/\/www.vinel.lu\/wp-content\/uploads\/2021\/06\/1920x1080_Basket_LU-300x169.png 300w, https:\/\/www.vinel.lu\/wp-content\/uploads\/2021\/06\/1920x1080_Basket_LU-768x432.png 768w, https:\/\/www.vinel.lu\/wp-content\/uploads\/2021\/06\/1920x1080_Basket_LU-1536x864.png 1536w, https:\/\/www.vinel.lu\/wp-content\/uploads\/2021\/06\/1920x1080_Basket_LU.png 1920w\" sizes=\"auto, (max-width: 706px) 89vw, (max-width: 767px) 82vw, 740px\" \/><\/a><\/figure>\n\n\n\n<p>Veuillez trouver une grande partie de nos produits sur la plate-forme d&rsquo;achat \u00ab\u00a0LETZSHOP\u00a0\u00bb. L&rsquo;avantage pour le client consiste dans des commandes de petites quantit\u00e9s (1 \u00e0 6 bouteilles) sans frais de transports importantes. Dans notre SHOP vous avez m\u00eame la possibilit\u00e9 \u00e0 commander une caisse panach\u00e9e de 6 bouteilles, et nous vous accordons une remise de 10% sur la totalit\u00e9.<\/p>\n\n\n\n<div class=\"wp-block-buttons is-layout-flex wp-block-buttons-is-layout-flex\">\n<div class=\"wp-block-button\"><a class=\"wp-block-button__link\" href=\"https:\/\/letzshop.lu\/fr\/vendors\/caves-vinel\" target=\"_blank\" rel=\"noreferrer noopener\">Notre site chez Letzshop<\/a><\/div>\n<\/div>\n\n\n\n<figure class=\"wp-block-image size-large\"><a href=\"https:\/\/letzshop.lu\/fr\/vendors\/caves-vinel\" target=\"_blank\" rel=\"noopener\"><img loading=\"lazy\" decoding=\"async\" width=\"1024\" height=\"230\" src=\"https:\/\/www.vinel.lu\/wp-content\/uploads\/2021\/06\/letzshop-logo-2-1024x230.jpg\" alt=\"\" class=\"wp-image-345\" srcset=\"https:\/\/www.vinel.lu\/wp-content\/uploads\/2021\/06\/letzshop-logo-2-1024x230.jpg 1024w, https:\/\/www.vinel.lu\/wp-content\/uploads\/2021\/06\/letzshop-logo-2-300x67.jpg 300w, https:\/\/www.vinel.lu\/wp-content\/uploads\/2021\/06\/letzshop-logo-2-768x173.jpg 768w, https:\/\/www.vinel.lu\/wp-content\/uploads\/2021\/06\/letzshop-logo-2-1536x345.jpg 1536w, https:\/\/www.vinel.lu\/wp-content\/uploads\/2021\/06\/letzshop-logo-2-2048x460.jpg 2048w\" sizes=\"auto, (max-width: 706px) 89vw, (max-width: 767px) 82vw, 740px\" \/><\/a><\/figure>\n\n\n\n<p><\/p>\n","protected":false},"excerpt":{"rendered":"<p>Veuillez trouver une grande partie de nos produits sur la plate-forme d&rsquo;achat \u00ab\u00a0LETZSHOP\u00a0\u00bb. L&rsquo;avantage pour le client consiste dans des commandes de petites quantit\u00e9s (1 \u00e0 6 bouteilles) sans frais de transports importantes. Dans notre SHOP vous avez m\u00eame la possibilit\u00e9 \u00e0 commander une caisse panach\u00e9e de 6 bouteilles, et nous vous accordons une remise &hellip; <\/p>\n<p class=\"link-more\"><a href=\"https:\/\/www.vinel.lu\/?page_id=310\" class=\"more-link\">Continuer la lecture<span class=\"screen-reader-text\"> de &laquo;&nbsp;Online-Shopping&nbsp;&raquo;<\/span><\/a><\/p>\n","protected":false},"author":2,"featured_media":0,"parent":0,"menu_order":0,"comment_status":"closed","ping_status":"closed","template":"","meta":{"footnotes":""},"class_list":["post-310","page","type-page","status-publish","hentry"],"_links":{"self":[{"href":"https:\/\/www.vinel.lu\/index.php?rest_route=\/wp\/v2\/pages\/310","targetHints":{"allow":["GET"]}}],"collection":[{"href":"https:\/\/www.vinel.lu\/index.php?rest_route=\/wp\/v2\/pages"}],"about":[{"href":"https:\/\/www.vinel.lu\/index.php?rest_route=\/wp\/v2\/types\/page"}],"author":[{"embeddable":true,"href":"https:\/\/www.vinel.lu\/index.php?rest_route=\/wp\/v2\/users\/2"}],"replies":[{"embeddable":true,"href":"https:\/\/www.vinel.lu\/index.php?rest_route=%2Fwp%2Fv2%2Fcomments&post=310"}],"version-history":[{"count":9,"href":"https:\/\/www.vinel.lu\/index.php?rest_route=\/wp\/v2\/pages\/310\/revisions"}],"predecessor-version":[{"id":373,"href":"https:\/\/www.vinel.lu\/index.php?rest_route=\/wp\/v2\/pages\/310\/revisions\/373"}],"wp:attachment":[{"href":"https:\/\/www.vinel.lu\/index.php?rest_route=%2Fwp%2Fv2%2Fmedia&parent=310"}],"curies":[{"name":"wp","href":"https:\/\/api.w.org\/{rel}","templated":true}]}}