{"id":10,"date":"2021-03-09T09:28:40","date_gmt":"2021-03-09T08:28:40","guid":{"rendered":"http:\/\/new.vinel.lu\/?page_id=10"},"modified":"2021-03-22T19:01:20","modified_gmt":"2021-03-22T18:01:20","slug":"contact","status":"publish","type":"page","link":"https:\/\/www.vinel.lu\/?page_id=10","title":{"rendered":"Contact"},"content":{"rendered":"\n<p>Les horaires de d\u00e9gustation sont de <strong>15h00 \u00e0 20h00<\/strong>, de pr\u00e9f\u00e9rence sur rendez-vous, soit par t\u00e9l\u00e9phone <strong>+352 23640663<\/strong>, soit par e-mail: <a href=\"mailto:vinel@pt.lu\">vinel@pt.lu<\/a><\/p>\n\n\n\n<p><\/p>\n<td vAlign=\"top\" class=\"in_text_left\"><iframe loading=\"lazy\" width=\"400\" height=\"350\" frameborder=\"0\" scrolling=\"no\" marginheight=\"0\" marginwidth=\"0\" src=\"http:\/\/maps.google.de\/maps?f=q&#038;source=s_q&#038;hl=de&#038;geocode=&#038;q=Rambrouch+12+rue+des+artisans&#038;aq=&#038;sll=51.151786,10.415039&#038;sspn=9.073988,16.940918&#038;ie=UTF8&#038;hq=&#038;hnear=12+Rue+des+Artisans,+Rambrouch,+Redange,+Diekirch,+Luxemburg&#038;t=m&#038;z=14&#038;ll=49.825404,5.852456&#038;output=embed\"><\/iframe><br \/><small><a href=\"http:\/\/maps.google.de\/maps?f=q&#038;source=embed&#038;hl=de&#038;geocode=&#038;q=Rambrouch+12+rue+des+artisans&#038;aq=&#038;sll=51.151786,10.415039&#038;sspn=9.073988,16.940918&#038;ie=UTF8&#038;hq=&#038;hnear=12+Rue+des+Artisans,+Rambrouch,+Redange,+Diekirch,+Luxemburg&#038;t=m&#038;z=14&#038;ll=49.825404,5.852456\" style=\"color:#0000FF;text-align:left\">Gr\u00f6\u00dfere Kartenansicht<\/a><\/small><\/td>\n","protected":false},"excerpt":{"rendered":"<p>Les horaires de d\u00e9gustation sont de 15h00 \u00e0 20h00, de pr\u00e9f\u00e9rence sur rendez-vous, soit par t\u00e9l\u00e9phone +352 23640663, soit par e-mail: vinel@pt.lu Gr\u00f6\u00dfere Kartenansicht<\/p>\n","protected":false},"author":1,"featured_media":34,"parent":0,"menu_order":0,"comment_status":"closed","ping_status":"closed","template":"","meta":{"footnotes":""},"class_list":["post-10","page","type-page","status-publish","has-post-thumbnail","hentry"],"_links":{"self":[{"href":"https:\/\/www.vinel.lu\/index.php?rest_route=\/wp\/v2\/pages\/10","targetHints":{"allow":["GET"]}}],"collection":[{"href":"https:\/\/www.vinel.lu\/index.php?rest_route=\/wp\/v2\/pages"}],"about":[{"href":"https:\/\/www.vinel.lu\/index.php?rest_route=\/wp\/v2\/types\/page"}],"author":[{"embeddable":true,"href":"https:\/\/www.vinel.lu\/index.php?rest_route=\/wp\/v2\/users\/1"}],"replies":[{"embeddable":true,"href":"https:\/\/www.vinel.lu\/index.php?rest_route=%2Fwp%2Fv2%2Fcomments&post=10"}],"version-history":[{"count":3,"href":"https:\/\/www.vinel.lu\/index.php?rest_route=\/wp\/v2\/pages\/10\/revisions"}],"predecessor-version":[{"id":266,"href":"https:\/\/www.vinel.lu\/index.php?rest_route=\/wp\/v2\/pages\/10\/revisions\/266"}],"wp:featuredmedia":[{"embeddable":true,"href":"https:\/\/www.vinel.lu\/index.php?rest_route=\/wp\/v2\/media\/34"}],"wp:attachment":[{"href":"https:\/\/www.vinel.lu\/index.php?rest_route=%2Fwp%2Fv2%2Fmedia&parent=10"}],"curies":[{"name":"wp","href":"https:\/\/api.w.org\/{rel}","templated":true}]}}